{"id":268,"date":"2025-08-05T16:06:49","date_gmt":"2025-08-05T14:06:49","guid":{"rendered":"https:\/\/komfortkonyvklub.hu\/?page_id=268"},"modified":"2026-05-14T16:45:03","modified_gmt":"2026-05-14T14:45:03","slug":"esemenyek","status":"publish","type":"page","link":"https:\/\/komfortkonyvklub.hu\/?page_id=268&lang=hu","title":{"rendered":"Esem\u00e9nyek"},"content":{"rendered":"\t\t<div data-elementor-type=\"wp-page\" data-elementor-id=\"268\" class=\"elementor elementor-268\" data-elementor-post-type=\"page\">\n\t\t\t\t<div class=\"elementor-element elementor-element-6a6ab0d e-flex e-con-boxed e-con e-parent\" data-id=\"6a6ab0d\" data-element_type=\"container\" data-e-type=\"container\">\n\t\t\t\t\t<div class=\"e-con-inner\">\n\t\t<div class=\"elementor-element elementor-element-2ed4dee e-con-full e-flex e-con e-child\" data-id=\"2ed4dee\" data-element_type=\"container\" data-e-type=\"container\">\n\t\t\t\t<div class=\"elementor-element elementor-element-bbd944b elementor-widget elementor-widget-image\" data-id=\"bbd944b\" data-element_type=\"widget\" data-e-type=\"widget\" data-widget_type=\"image.default\">\n\t\t\t\t<div class=\"elementor-widget-container\">\n\t\t\t\t\t\t\t\t\t\t\t\t\t\t\t<img fetchpriority=\"high\" decoding=\"async\" width=\"768\" height=\"1024\" src=\"https:\/\/komfortkonyvklub.hu\/wp-content\/uploads\/2026\/05\/Szlavicsek-Judit_poszt-1-768x1024.jpg\" class=\"attachment-large size-large wp-image-1591\" alt=\"\" srcset=\"https:\/\/komfortkonyvklub.hu\/wp-content\/uploads\/2026\/05\/Szlavicsek-Judit_poszt-1-768x1024.jpg 768w, https:\/\/komfortkonyvklub.hu\/wp-content\/uploads\/2026\/05\/Szlavicsek-Judit_poszt-1-225x300.jpg 225w, https:\/\/komfortkonyvklub.hu\/wp-content\/uploads\/2026\/05\/Szlavicsek-Judit_poszt-1.jpg 1080w\" sizes=\"(max-width: 768px) 100vw, 768px\" \/>\t\t\t\t\t\t\t\t\t\t\t\t\t\t\t<\/div>\n\t\t\t\t<\/div>\n\t\t\t\t<\/div>\n\t\t<div class=\"elementor-element elementor-element-c2bc050 e-con-full e-flex e-con e-child\" data-id=\"c2bc050\" data-element_type=\"container\" data-e-type=\"container\">\n\t\t<div class=\"elementor-element elementor-element-40e9af5 e-con-full e-flex e-con e-child\" data-id=\"40e9af5\" data-element_type=\"container\" data-e-type=\"container\">\n\t\t\t\t<div class=\"elementor-element elementor-element-12b427e elementor-widget elementor-widget-heading\" data-id=\"12b427e\" data-element_type=\"widget\" data-e-type=\"widget\" id=\"woodesemeny\" data-widget_type=\"heading.default\">\n\t\t\t\t<div class=\"elementor-widget-container\">\n\t\t\t\t\t<h1 class=\"elementor-heading-title elementor-size-default\">Szlavicsek Judit besz\u00e9lget\u00e9s &amp; dedik\u00e1l\u00e1s<\/h1>\t\t\t\t<\/div>\n\t\t\t\t<\/div>\n\t\t\t\t<\/div>\n\t\t<div class=\"elementor-element elementor-element-d379cea e-con-full e-flex e-con e-child\" data-id=\"d379cea\" data-element_type=\"container\" data-e-type=\"container\">\n\t\t\t\t<div class=\"elementor-element elementor-element-7e6d0a4 elementor-widget elementor-widget-text-editor\" data-id=\"7e6d0a4\" data-element_type=\"widget\" data-e-type=\"widget\" data-widget_type=\"text-editor.default\">\n\t\t\t\t<div class=\"elementor-widget-container\">\n\t\t\t\t\t\t\t\t\t<div class=\"xdj266r x14z9mp xat24cr x1lziwak x1vvkbs\"><div class=\"xdj266r x14z9mp xat24cr x1lziwak x1vvkbs x126k92a\"><div dir=\"auto\">Nagyon izgalmas vizekre evez\u00fcnk! A m\u00e1jusi havi k\u00f6z\u00f6s k\u00f6nyv\u00fcnk a L\u00e9gy\/ott lesz Szlavicsek Judit toll\u00e1b\u00f3l, ami egy hangulatos balatoni krimisorozat els\u0151 r\u00e9sze.<\/div><div dir=\"auto\">Amit\u0151l pedig a mostani h\u00f3nap igaz\u00e1n k\u00fcl\u00f6nleges: j\u00f6v\u0151 szombaton maga az \u00edr\u00f3n\u0151 l\u00e1togat el hozz\u00e1nk a Teleki-Wattay-kast\u00e9lyba, hogy szem\u00e9lyesen besz\u00e9lgess\u00fcnk vele az olvasottakr\u00f3l!<\/div><\/div><div class=\"x14z9mp xat24cr x1lziwak x1vvkbs xtlvy1s x126k92a\"><div dir=\"auto\">Nagyon v\u00e1rom, hogy ezt a k\u00fcl\u00f6nleges \u00e9lm\u00e9nyt is megoszthassam veletek. Addig is csod\u00e1s olvas\u00e1st k\u00edv\u00e1nok mindenkinek! <span class=\"html-span xexx8yu xyri2b x18d9i69 x1c1uobl x1hl2dhg x16tdsg8 x1vvkbs x3nfvp2 x1j61x8r x1fcty0u xdj266r xat24cr xm2jcoa x1mpyi22 xxymvpz xlup9mm x1kky2od\"><img decoding=\"async\" class=\"xz74otr x15mokao x1ga7v0g x16uus16 xbiv7yw\" src=\"https:\/\/static.xx.fbcdn.net\/images\/emoji.php\/v9\/t64\/2\/16\/1f90d.png\" alt=\"\ud83e\udd0d\" width=\"16\" height=\"16\" \/><\/span><\/div><\/div><\/div>\t\t\t\t\t\t\t\t<\/div>\n\t\t\t\t<\/div>\n\t\t\t\t<\/div>\n\t\t\t\t<div class=\"elementor-element elementor-element-6878c65 elementor-align-right elementor-widget elementor-widget-button\" data-id=\"6878c65\" data-element_type=\"widget\" data-e-type=\"widget\" data-widget_type=\"button.default\">\n\t\t\t\t<div class=\"elementor-widget-container\">\n\t\t\t\t\t\t\t\t\t<div class=\"elementor-button-wrapper\">\n\t\t\t\t\t<a class=\"elementor-button elementor-button-link elementor-size-sm\" href=\"https:\/\/fb.me\/e\/5YBf3Q98B\">\n\t\t\t\t\t\t<span class=\"elementor-button-content-wrapper\">\n\t\t\t\t\t\t<span class=\"elementor-button-icon\">\n\t\t\t\t<svg aria-hidden=\"true\" class=\"e-font-icon-svg e-fab-facebook-f\" viewBox=\"0 0 320 512\" xmlns=\"http:\/\/www.w3.org\/2000\/svg\"><path d=\"M279.14 288l14.22-92.66h-88.91v-60.13c0-25.35 12.42-50.06 52.24-50.06h40.42V6.26S260.43 0 225.36 0c-73.22 0-121.08 44.38-121.08 124.72v70.62H22.89V288h81.39v224h100.17V288z\"><\/path><\/svg>\t\t\t<\/span>\n\t\t\t\t\t\t\t\t\t<span class=\"elementor-button-text\">Csatlakozz a Facebookon<\/span>\n\t\t\t\t\t<\/span>\n\t\t\t\t\t<\/a>\n\t\t\t\t<\/div>\n\t\t\t\t\t\t\t\t<\/div>\n\t\t\t\t<\/div>\n\t\t\t\t<\/div>\n\t\t\t\t\t<\/div>\n\t\t\t\t<\/div>\n\t\t<div class=\"elementor-element elementor-element-7c9d1ac e-flex e-con-boxed e-con e-parent\" data-id=\"7c9d1ac\" data-element_type=\"container\" data-e-type=\"container\">\n\t\t\t\t\t<div class=\"e-con-inner\">\n\t\t\t\t<div class=\"elementor-element elementor-element-c6389e6 elementor-widget-divider--view-line elementor-widget elementor-widget-divider\" data-id=\"c6389e6\" data-element_type=\"widget\" data-e-type=\"widget\" data-widget_type=\"divider.default\">\n\t\t\t\t<div class=\"elementor-widget-container\">\n\t\t\t\t\t\t\t<div class=\"elementor-divider\">\n\t\t\t<span class=\"elementor-divider-separator\">\n\t\t\t\t\t\t<\/span>\n\t\t<\/div>\n\t\t\t\t\t\t<\/div>\n\t\t\t\t<\/div>\n\t\t\t\t\t<\/div>\n\t\t\t\t<\/div>\n\t\t<div class=\"elementor-element elementor-element-08fea85 e-flex e-con-boxed e-con e-parent\" data-id=\"08fea85\" data-element_type=\"container\" data-e-type=\"container\">\n\t\t\t\t\t<div class=\"e-con-inner\">\n\t\t<div class=\"elementor-element elementor-element-9735687 e-con-full e-flex e-con e-child\" data-id=\"9735687\" data-element_type=\"container\" data-e-type=\"container\">\n\t\t\t\t<div class=\"elementor-element elementor-element-f8ab7cc elementor-widget elementor-widget-image\" data-id=\"f8ab7cc\" data-element_type=\"widget\" data-e-type=\"widget\" data-widget_type=\"image.default\">\n\t\t\t\t<div class=\"elementor-widget-container\">\n\t\t\t\t\t\t\t\t\t\t\t\t\t\t\t<img decoding=\"async\" width=\"768\" height=\"1024\" src=\"https:\/\/komfortkonyvklub.hu\/wp-content\/uploads\/2026\/05\/9720-768x1024.jpg\" class=\"attachment-large size-large wp-image-1700\" alt=\"\" srcset=\"https:\/\/komfortkonyvklub.hu\/wp-content\/uploads\/2026\/05\/9720-768x1024.jpg 768w, https:\/\/komfortkonyvklub.hu\/wp-content\/uploads\/2026\/05\/9720-225x300.jpg 225w, https:\/\/komfortkonyvklub.hu\/wp-content\/uploads\/2026\/05\/9720.jpg 1080w\" sizes=\"(max-width: 768px) 100vw, 768px\" \/>\t\t\t\t\t\t\t\t\t\t\t\t\t\t\t<\/div>\n\t\t\t\t<\/div>\n\t\t\t\t<\/div>\n\t\t<div class=\"elementor-element elementor-element-9575716 e-con-full e-flex e-con e-child\" data-id=\"9575716\" data-element_type=\"container\" data-e-type=\"container\">\n\t\t<div class=\"elementor-element elementor-element-2613dd0 e-con-full e-flex e-con e-child\" data-id=\"2613dd0\" data-element_type=\"container\" data-e-type=\"container\">\n\t\t\t\t<div class=\"elementor-element elementor-element-8f4b140 elementor-widget elementor-widget-heading\" data-id=\"8f4b140\" data-element_type=\"widget\" data-e-type=\"widget\" data-widget_type=\"heading.default\">\n\t\t\t\t<div class=\"elementor-widget-container\">\n\t\t\t\t\t<h1 class=\"elementor-heading-title elementor-size-default\">K\u00f6nyvk\u00f6t\u0151 workshop<\/h1>\t\t\t\t<\/div>\n\t\t\t\t<\/div>\n\t\t\t\t<\/div>\n\t\t<div class=\"elementor-element elementor-element-125e9e6 e-con-full e-flex e-con e-child\" data-id=\"125e9e6\" data-element_type=\"container\" data-e-type=\"container\">\n\t\t\t\t<div class=\"elementor-element elementor-element-9a8359e elementor-widget elementor-widget-text-editor\" data-id=\"9a8359e\" data-element_type=\"widget\" data-e-type=\"widget\" data-widget_type=\"text-editor.default\">\n\t\t\t\t<div class=\"elementor-widget-container\">\n\t\t\t\t\t\t\t\t\t<div class=\"xdj266r x14z9mp xat24cr x1lziwak x1vvkbs\">Mindig is szeretted volna, ha kedvenc k\u00f6nyved \u00faj, m\u00e9g szebb k\u00fcls\u0151t kap? Gyere el esem\u00e9ny\u00fcnkre, ahol most megval\u00f3sulhat!<\/div>\t\t\t\t\t\t\t\t<\/div>\n\t\t\t\t<\/div>\n\t\t\t\t<\/div>\n\t\t\t\t<div class=\"elementor-element elementor-element-237ead3 elementor-align-right elementor-widget elementor-widget-button\" data-id=\"237ead3\" data-element_type=\"widget\" data-e-type=\"widget\" data-widget_type=\"button.default\">\n\t\t\t\t<div class=\"elementor-widget-container\">\n\t\t\t\t\t\t\t\t\t<div class=\"elementor-button-wrapper\">\n\t\t\t\t\t<a class=\"elementor-button elementor-button-link elementor-size-sm\" href=\"?page_id=1620\">\n\t\t\t\t\t\t<span class=\"elementor-button-content-wrapper\">\n\t\t\t\t\t\t\t\t\t<span class=\"elementor-button-text\">Jelentkez\u00e9s<\/span>\n\t\t\t\t\t<\/span>\n\t\t\t\t\t<\/a>\n\t\t\t\t<\/div>\n\t\t\t\t\t\t\t\t<\/div>\n\t\t\t\t<\/div>\n\t\t\t\t<\/div>\n\t\t\t\t\t<\/div>\n\t\t\t\t<\/div>\n\t\t<div class=\"elementor-element elementor-element-e24a122 e-flex e-con-boxed e-con e-parent\" data-id=\"e24a122\" data-element_type=\"container\" data-e-type=\"container\" data-settings=\"{&quot;background_background&quot;:&quot;classic&quot;}\">\n\t\t\t\t\t<div class=\"e-con-inner\">\n\t\t\t\t<div class=\"elementor-element elementor-element-407a7b3 elementor-widget elementor-widget-gallery\" data-id=\"407a7b3\" data-element_type=\"widget\" data-e-type=\"widget\" data-settings=\"{&quot;image_hover_animation&quot;:&quot;grow&quot;,&quot;columns&quot;:3,&quot;lazyload&quot;:&quot;yes&quot;,&quot;gallery_layout&quot;:&quot;grid&quot;,&quot;columns_tablet&quot;:2,&quot;columns_mobile&quot;:1,&quot;gap&quot;:{&quot;unit&quot;:&quot;px&quot;,&quot;size&quot;:10,&quot;sizes&quot;:[]},&quot;gap_tablet&quot;:{&quot;unit&quot;:&quot;px&quot;,&quot;size&quot;:10,&quot;sizes&quot;:[]},&quot;gap_mobile&quot;:{&quot;unit&quot;:&quot;px&quot;,&quot;size&quot;:10,&quot;sizes&quot;:[]},&quot;link_to&quot;:&quot;file&quot;,&quot;aspect_ratio&quot;:&quot;3:2&quot;,&quot;overlay_background&quot;:&quot;yes&quot;,&quot;content_hover_animation&quot;:&quot;fade-in&quot;}\" data-widget_type=\"gallery.default\">\n\t\t\t\t<div class=\"elementor-widget-container\">\n\t\t\t\t\t\t\t<div class=\"elementor-gallery__container\">\n\t\t\t\t\t\t\t<a class=\"e-gallery-item elementor-gallery-item elementor-animated-content\" href=\"https:\/\/komfortkonyvklub.hu\/wp-content\/uploads\/2026\/05\/9718-scaled.jpg\" data-elementor-open-lightbox=\"yes\" data-elementor-lightbox-slideshow=\"407a7b3\" data-elementor-lightbox-title=\"9718\" data-e-action-hash=\"#elementor-action%3Aaction%3Dlightbox%26settings%3DeyJpZCI6MTY3NywidXJsIjoiaHR0cHM6XC9cL2tvbWZvcnRrb255dmtsdWIuaHVcL3dwLWNvbnRlbnRcL3VwbG9hZHNcLzIwMjZcLzA1XC85NzE4LXNjYWxlZC5qcGciLCJzbGlkZXNob3ciOiI0MDdhN2IzIn0%3D\">\n\t\t\t\t\t<div class=\"e-gallery-image elementor-gallery-item__image\" data-thumbnail=\"https:\/\/komfortkonyvklub.hu\/wp-content\/uploads\/2026\/05\/9718-300x200.jpg\" data-width=\"300\" data-height=\"200\" aria-label=\"\" role=\"img\" ><\/div>\n\t\t\t\t\t\t\t\t\t\t\t<div class=\"elementor-gallery-item__overlay\"><\/div>\n\t\t\t\t\t\t\t\t\t\t\t\t\t\t<\/a>\n\t\t\t\t\t\t\t<a class=\"e-gallery-item elementor-gallery-item elementor-animated-content\" href=\"https:\/\/komfortkonyvklub.hu\/wp-content\/uploads\/2026\/05\/9717-scaled.jpg\" data-elementor-open-lightbox=\"yes\" data-elementor-lightbox-slideshow=\"407a7b3\" data-elementor-lightbox-title=\"9717\" data-e-action-hash=\"#elementor-action%3Aaction%3Dlightbox%26settings%3DeyJpZCI6MTY3OCwidXJsIjoiaHR0cHM6XC9cL2tvbWZvcnRrb255dmtsdWIuaHVcL3dwLWNvbnRlbnRcL3VwbG9hZHNcLzIwMjZcLzA1XC85NzE3LXNjYWxlZC5qcGciLCJzbGlkZXNob3ciOiI0MDdhN2IzIn0%3D\">\n\t\t\t\t\t<div class=\"e-gallery-image elementor-gallery-item__image\" data-thumbnail=\"https:\/\/komfortkonyvklub.hu\/wp-content\/uploads\/2026\/05\/9717-300x200.jpg\" data-width=\"300\" data-height=\"200\" aria-label=\"\" role=\"img\" ><\/div>\n\t\t\t\t\t\t\t\t\t\t\t<div class=\"elementor-gallery-item__overlay\"><\/div>\n\t\t\t\t\t\t\t\t\t\t\t\t\t\t<\/a>\n\t\t\t\t\t\t\t<a class=\"e-gallery-item elementor-gallery-item elementor-animated-content\" href=\"https:\/\/komfortkonyvklub.hu\/wp-content\/uploads\/2026\/05\/9719-scaled.jpg\" data-elementor-open-lightbox=\"yes\" data-elementor-lightbox-slideshow=\"407a7b3\" data-elementor-lightbox-title=\"9719\" data-e-action-hash=\"#elementor-action%3Aaction%3Dlightbox%26settings%3DeyJpZCI6MTY3NiwidXJsIjoiaHR0cHM6XC9cL2tvbWZvcnRrb255dmtsdWIuaHVcL3dwLWNvbnRlbnRcL3VwbG9hZHNcLzIwMjZcLzA1XC85NzE5LXNjYWxlZC5qcGciLCJzbGlkZXNob3ciOiI0MDdhN2IzIn0%3D\">\n\t\t\t\t\t<div class=\"e-gallery-image elementor-gallery-item__image\" data-thumbnail=\"https:\/\/komfortkonyvklub.hu\/wp-content\/uploads\/2026\/05\/9719-300x183.jpg\" data-width=\"300\" data-height=\"183\" aria-label=\"\" role=\"img\" ><\/div>\n\t\t\t\t\t\t\t\t\t\t\t<div class=\"elementor-gallery-item__overlay\"><\/div>\n\t\t\t\t\t\t\t\t\t\t\t\t\t\t<\/a>\n\t\t\t\t\t<\/div>\n\t\t\t\t\t<\/div>\n\t\t\t\t<\/div>\n\t\t\t\t\t<\/div>\n\t\t\t\t<\/div>\n\t\t\t\t<\/div>\n\t\t","protected":false},"excerpt":{"rendered":"<p>Szlavicsek Judit besz\u00e9lget\u00e9s &amp; dedik\u00e1l\u00e1s Nagyon izgalmas vizekre evez\u00fcnk! A m\u00e1jusi havi k\u00f6z\u00f6s k\u00f6nyv\u00fcnk a L\u00e9gy\/ott lesz Szlavicsek Judit toll\u00e1b\u00f3l, ami egy hangulatos balatoni krimisorozat els\u0151 r\u00e9sze.Amit\u0151l pedig a mostani h\u00f3nap igaz\u00e1n k\u00fcl\u00f6nleges: j\u00f6v\u0151 szombaton maga az \u00edr\u00f3n\u0151 l\u00e1togat el hozz\u00e1nk a Teleki-Wattay-kast\u00e9lyba, hogy szem\u00e9lyesen besz\u00e9lgess\u00fcnk vele az olvasottakr\u00f3l!Nagyon v\u00e1rom, hogy ezt a k\u00fcl\u00f6nleges \u00e9lm\u00e9nyt [&hellip;]<\/p>\n","protected":false},"author":2,"featured_media":0,"parent":0,"menu_order":0,"comment_status":"closed","ping_status":"closed","template":"","meta":{"footnotes":""},"class_list":["post-268","page","type-page","status-publish","hentry"],"lang":"hu","translations":{"hu":268,"en":489},"pll_sync_post":[],"_links":{"self":[{"href":"https:\/\/komfortkonyvklub.hu\/index.php?rest_route=\/wp\/v2\/pages\/268","targetHints":{"allow":["GET"]}}],"collection":[{"href":"https:\/\/komfortkonyvklub.hu\/index.php?rest_route=\/wp\/v2\/pages"}],"about":[{"href":"https:\/\/komfortkonyvklub.hu\/index.php?rest_route=\/wp\/v2\/types\/page"}],"author":[{"embeddable":true,"href":"https:\/\/komfortkonyvklub.hu\/index.php?rest_route=\/wp\/v2\/users\/2"}],"replies":[{"embeddable":true,"href":"https:\/\/komfortkonyvklub.hu\/index.php?rest_route=%2Fwp%2Fv2%2Fcomments&post=268"}],"version-history":[{"count":82,"href":"https:\/\/komfortkonyvklub.hu\/index.php?rest_route=\/wp\/v2\/pages\/268\/revisions"}],"predecessor-version":[{"id":1712,"href":"https:\/\/komfortkonyvklub.hu\/index.php?rest_route=\/wp\/v2\/pages\/268\/revisions\/1712"}],"wp:attachment":[{"href":"https:\/\/komfortkonyvklub.hu\/index.php?rest_route=%2Fwp%2Fv2%2Fmedia&parent=268"}],"curies":[{"name":"wp","href":"https:\/\/api.w.org\/{rel}","templated":true}]}}