{"id":263,"date":"2025-08-05T16:23:37","date_gmt":"2025-08-05T14:23:37","guid":{"rendered":"https:\/\/komfortkonyvklub.hu\/?page_id=263"},"modified":"2026-05-13T08:42:44","modified_gmt":"2026-05-13T06:42:44","slug":"havi-kozos-konyv","status":"publish","type":"page","link":"https:\/\/komfortkonyvklub.hu\/?page_id=263&lang=hu","title":{"rendered":"Havi k\u00f6z\u00f6s k\u00f6nyv"},"content":{"rendered":"\t\t<div data-elementor-type=\"wp-page\" data-elementor-id=\"263\" class=\"elementor elementor-263\" data-elementor-post-type=\"page\">\n\t\t\t\t<div class=\"elementor-element elementor-element-d967142 e-flex e-con-boxed e-con e-parent\" data-id=\"d967142\" data-element_type=\"container\" data-e-type=\"container\">\n\t\t\t\t\t<div class=\"e-con-inner\">\n\t\t<div class=\"elementor-element elementor-element-73ebd11 e-con-full e-flex e-con e-child\" data-id=\"73ebd11\" data-element_type=\"container\" data-e-type=\"container\">\n\t\t\t\t<div class=\"elementor-element elementor-element-334d585 elementor-widget elementor-widget-image\" data-id=\"334d585\" data-element_type=\"widget\" data-e-type=\"widget\" data-widget_type=\"image.default\">\n\t\t\t\t<div class=\"elementor-widget-container\">\n\t\t\t\t\t\t\t\t\t\t\t\t\t\t\t<img fetchpriority=\"high\" decoding=\"async\" width=\"768\" height=\"1024\" src=\"https:\/\/komfortkonyvklub.hu\/wp-content\/uploads\/2026\/05\/Kozos-konyv-2605-poszt-768x1024.jpg\" class=\"attachment-large size-large wp-image-1578\" alt=\"\" srcset=\"https:\/\/komfortkonyvklub.hu\/wp-content\/uploads\/2026\/05\/Kozos-konyv-2605-poszt-768x1024.jpg 768w, https:\/\/komfortkonyvklub.hu\/wp-content\/uploads\/2026\/05\/Kozos-konyv-2605-poszt-225x300.jpg 225w, https:\/\/komfortkonyvklub.hu\/wp-content\/uploads\/2026\/05\/Kozos-konyv-2605-poszt.jpg 1080w\" sizes=\"(max-width: 768px) 100vw, 768px\" \/>\t\t\t\t\t\t\t\t\t\t\t\t\t\t\t<\/div>\n\t\t\t\t<\/div>\n\t\t\t\t<\/div>\n\t\t<div class=\"elementor-element elementor-element-d6f318f e-con-full e-flex e-con e-child\" data-id=\"d6f318f\" data-element_type=\"container\" data-e-type=\"container\">\n\t\t<div class=\"elementor-element elementor-element-f1bf76a e-con-full e-flex e-con e-child\" data-id=\"f1bf76a\" data-element_type=\"container\" data-e-type=\"container\">\n\t\t\t\t<div class=\"elementor-element elementor-element-c9a2470 elementor-widget elementor-widget-heading\" data-id=\"c9a2470\" data-element_type=\"widget\" data-e-type=\"widget\" data-widget_type=\"heading.default\">\n\t\t\t\t<div class=\"elementor-widget-container\">\n\t\t\t\t\t<h1 class=\"elementor-heading-title elementor-size-default\"><a href=\"https:\/\/fb.me\/e\/89mPFeHjr\">M\u00e1jus: Szlavicsek Judik - L\u00e9gy\/ott<\/a><\/h1>\t\t\t\t<\/div>\n\t\t\t\t<\/div>\n\t\t\t\t<\/div>\n\t\t<div class=\"elementor-element elementor-element-658ac48 e-con-full e-flex e-con e-child\" data-id=\"658ac48\" data-element_type=\"container\" data-e-type=\"container\">\n\t\t\t\t<div class=\"elementor-element elementor-element-3afa426 elementor-widget elementor-widget-text-editor\" data-id=\"3afa426\" data-element_type=\"widget\" data-e-type=\"widget\" data-widget_type=\"text-editor.default\">\n\t\t\t\t<div class=\"elementor-widget-container\">\n\t\t\t\t\t\t\t\t\t<div class=\"html-div xdj266r x14z9mp xat24cr x1lziwak xexx8yu xyri2b x18d9i69 x1c1uobl\" tabindex=\"-1\"><div class=\"html-div xdj266r x14z9mp x1lziwak xexx8yu xyri2b x18d9i69 x1c1uobl x1e56ztr\"><div class=\"html-div xdj266r x14z9mp xat24cr x1lziwak xexx8yu xyri2b x18d9i69 x1c1uobl\" tabindex=\"-1\"><div class=\"xdj266r x14z9mp xat24cr x1lziwak x1vvkbs x126k92a\"><div dir=\"auto\">Nagyon izgalmas vizekre evez\u00fcnk! A m\u00e1jusi havi k\u00f6z\u00f6s k\u00f6nyv\u00fcnk a <em><strong>L\u00e9gy\/ott<\/strong><\/em> lesz <em><strong>Szlavicsek Judit<\/strong><\/em> toll\u00e1b\u00f3l, ami egy hangulatos balatoni krimisorozat els\u0151 r\u00e9sze.<\/div><div dir=\"auto\">Amit\u0151l pedig a mostani h\u00f3nap igaz\u00e1n k\u00fcl\u00f6nleges: j\u00f6v\u0151 szombaton maga az \u00edr\u00f3n\u0151 l\u00e1togat el hozz\u00e1nk a <em><strong>Teleki-Wattay-kast\u00e9lyba<\/strong><\/em>, hogy szem\u00e9lyesen besz\u00e9lgess\u00fcnk vele az olvasottakr\u00f3l!<\/div><\/div><div class=\"x14z9mp xat24cr x1lziwak x1vvkbs xtlvy1s x126k92a\"><div dir=\"auto\">Nagyon v\u00e1rom, hogy ezt a k\u00fcl\u00f6nleges \u00e9lm\u00e9nyt is megoszthassam veletek. Addig is csod\u00e1s olvas\u00e1st k\u00edv\u00e1nok mindenkinek! <span class=\"html-span xexx8yu xyri2b x18d9i69 x1c1uobl x1hl2dhg x16tdsg8 x1vvkbs x3nfvp2 x1j61x8r x1fcty0u xdj266r xat24cr xm2jcoa x1mpyi22 xxymvpz xlup9mm x1kky2od\"><img decoding=\"async\" class=\"xz74otr x15mokao x1ga7v0g x16uus16 xbiv7yw\" src=\"https:\/\/static.xx.fbcdn.net\/images\/emoji.php\/v9\/t64\/2\/16\/1f90d.png\" alt=\"\ud83e\udd0d\" width=\"16\" height=\"16\" \/><\/span><\/div><\/div><p><img decoding=\"async\" class=\"an1\" draggable=\"false\" src=\"https:\/\/fonts.gstatic.com\/s\/e\/notoemoji\/16.0\/1f4d6\/72.png\" alt=\"\ud83d\udcd6\" width=\"20\" height=\"20\" data-emoji=\"\ud83d\udcd6\" aria-label=\"\ud83d\udcd6\" \/><br \/>Helysz\u00edn \u00e9s id\u0151pont :<br \/><img loading=\"lazy\" decoding=\"async\" class=\"an1\" draggable=\"false\" src=\"https:\/\/fonts.gstatic.com\/s\/e\/notoemoji\/16.0\/1f3f0\/72.png\" alt=\"\ud83c\udff0\" width=\"20\" height=\"20\" data-emoji=\"\ud83c\udff0\" aria-label=\"\ud83c\udff0\" \/>Teleki-Wattay Kast\u00e9ly, Pom\u00e1z<br \/><img loading=\"lazy\" decoding=\"async\" class=\"an1\" draggable=\"false\" src=\"https:\/\/fonts.gstatic.com\/s\/e\/notoemoji\/16.0\/23f0\/72.png\" alt=\"\u23f0\" width=\"20\" height=\"20\" data-emoji=\"\u23f0\" aria-label=\"\u23f0\" \/>18:00<br \/>Szeretn\u00e9l r\u00e9szese lenni az \u00e9lm\u00e9nynek? Tarts vel\u00fcnk!\u00a0<img loading=\"lazy\" decoding=\"async\" class=\"an1\" draggable=\"false\" src=\"https:\/\/fonts.gstatic.com\/s\/e\/notoemoji\/16.0\/1faf6\/72.png\" alt=\"\ud83e\udef6\" width=\"20\" height=\"20\" data-emoji=\"\ud83e\udef6\" aria-label=\"\ud83e\udef6\" \/><img loading=\"lazy\" decoding=\"async\" class=\"an1\" draggable=\"false\" src=\"https:\/\/fonts.gstatic.com\/s\/e\/notoemoji\/16.0\/2728\/72.png\" alt=\"\u2728\" width=\"20\" height=\"20\" data-emoji=\"\u2728\" aria-label=\"\u2728\" \/><img loading=\"lazy\" decoding=\"async\" class=\"an1\" draggable=\"false\" src=\"https:\/\/fonts.gstatic.com\/s\/e\/notoemoji\/16.0\/1f4da\/72.png\" alt=\"\ud83d\udcda\" width=\"21\" height=\"21\" data-emoji=\"\ud83d\udcda\" aria-label=\"\ud83d\udcda\" \/><\/p><\/div><\/div><\/div>\t\t\t\t\t\t\t\t<\/div>\n\t\t\t\t<\/div>\n\t\t\t\t<div class=\"elementor-element elementor-element-2df6dff elementor-align-right elementor-widget elementor-widget-button\" data-id=\"2df6dff\" data-element_type=\"widget\" data-e-type=\"widget\" data-widget_type=\"button.default\">\n\t\t\t\t<div class=\"elementor-widget-container\">\n\t\t\t\t\t\t\t\t\t<div class=\"elementor-button-wrapper\">\n\t\t\t\t\t<a class=\"elementor-button elementor-button-link elementor-size-sm\" href=\"https:\/\/fb.me\/e\/cuhIbbCwB\">\n\t\t\t\t\t\t<span class=\"elementor-button-content-wrapper\">\n\t\t\t\t\t\t<span class=\"elementor-button-icon\">\n\t\t\t\t<svg aria-hidden=\"true\" class=\"e-font-icon-svg e-fab-facebook-f\" viewBox=\"0 0 320 512\" xmlns=\"http:\/\/www.w3.org\/2000\/svg\"><path d=\"M279.14 288l14.22-92.66h-88.91v-60.13c0-25.35 12.42-50.06 52.24-50.06h40.42V6.26S260.43 0 225.36 0c-73.22 0-121.08 44.38-121.08 124.72v70.62H22.89V288h81.39v224h100.17V288z\"><\/path><\/svg>\t\t\t<\/span>\n\t\t\t\t\t\t\t\t\t<span class=\"elementor-button-text\">Csatlakozz a Facebookon<\/span>\n\t\t\t\t\t<\/span>\n\t\t\t\t\t<\/a>\n\t\t\t\t<\/div>\n\t\t\t\t\t\t\t\t<\/div>\n\t\t\t\t<\/div>\n\t\t\t\t<\/div>\n\t\t\t\t<\/div>\n\t\t\t\t\t<\/div>\n\t\t\t\t<\/div>\n\t\t\t\t<\/div>\n\t\t","protected":false},"excerpt":{"rendered":"<p>M\u00e1jus: Szlavicsek Judik &#8211; L\u00e9gy\/ott Nagyon izgalmas vizekre evez\u00fcnk! A m\u00e1jusi havi k\u00f6z\u00f6s k\u00f6nyv\u00fcnk a L\u00e9gy\/ott lesz Szlavicsek Judit toll\u00e1b\u00f3l, ami egy hangulatos balatoni krimisorozat els\u0151 r\u00e9sze.Amit\u0151l pedig a mostani h\u00f3nap igaz\u00e1n k\u00fcl\u00f6nleges: j\u00f6v\u0151 szombaton maga az \u00edr\u00f3n\u0151 l\u00e1togat el hozz\u00e1nk a Teleki-Wattay-kast\u00e9lyba, hogy szem\u00e9lyesen besz\u00e9lgess\u00fcnk vele az olvasottakr\u00f3l!Nagyon v\u00e1rom, hogy ezt a k\u00fcl\u00f6nleges \u00e9lm\u00e9nyt [&hellip;]<\/p>\n","protected":false},"author":2,"featured_media":0,"parent":0,"menu_order":0,"comment_status":"closed","ping_status":"closed","template":"","meta":{"footnotes":""},"class_list":["post-263","page","type-page","status-publish","hentry"],"lang":"hu","translations":{"hu":263,"en":498},"pll_sync_post":[],"_links":{"self":[{"href":"https:\/\/komfortkonyvklub.hu\/index.php?rest_route=\/wp\/v2\/pages\/263","targetHints":{"allow":["GET"]}}],"collection":[{"href":"https:\/\/komfortkonyvklub.hu\/index.php?rest_route=\/wp\/v2\/pages"}],"about":[{"href":"https:\/\/komfortkonyvklub.hu\/index.php?rest_route=\/wp\/v2\/types\/page"}],"author":[{"embeddable":true,"href":"https:\/\/komfortkonyvklub.hu\/index.php?rest_route=\/wp\/v2\/users\/2"}],"replies":[{"embeddable":true,"href":"https:\/\/komfortkonyvklub.hu\/index.php?rest_route=%2Fwp%2Fv2%2Fcomments&post=263"}],"version-history":[{"count":61,"href":"https:\/\/komfortkonyvklub.hu\/index.php?rest_route=\/wp\/v2\/pages\/263\/revisions"}],"predecessor-version":[{"id":1612,"href":"https:\/\/komfortkonyvklub.hu\/index.php?rest_route=\/wp\/v2\/pages\/263\/revisions\/1612"}],"wp:attachment":[{"href":"https:\/\/komfortkonyvklub.hu\/index.php?rest_route=%2Fwp%2Fv2%2Fmedia&parent=263"}],"curies":[{"name":"wp","href":"https:\/\/api.w.org\/{rel}","templated":true}]}}