{"id":247,"date":"2025-08-05T15:10:37","date_gmt":"2025-08-05T13:10:37","guid":{"rendered":"https:\/\/komfortkonyvklub.hu\/?page_id=247"},"modified":"2025-08-09T12:45:40","modified_gmt":"2025-08-09T10:45:40","slug":"videok","status":"publish","type":"page","link":"https:\/\/komfortkonyvklub.hu\/?page_id=247&lang=hu","title":{"rendered":"Vide\u00f3k"},"content":{"rendered":"\t\t<div data-elementor-type=\"wp-page\" data-elementor-id=\"247\" class=\"elementor elementor-247\" data-elementor-post-type=\"page\">\n\t\t\t\t<div class=\"elementor-element elementor-element-ad635ee e-flex e-con-boxed e-con e-parent\" data-id=\"ad635ee\" data-element_type=\"container\" data-e-type=\"container\">\n\t\t\t\t\t<div class=\"e-con-inner\">\n\t\t<div class=\"elementor-element elementor-element-641e7b1 e-con-full e-flex e-con e-child\" data-id=\"641e7b1\" data-element_type=\"container\" data-e-type=\"container\">\n\t\t\t\t<div class=\"elementor-element elementor-element-65b4a95 elementor-widget elementor-widget-tp-video-player\" data-id=\"65b4a95\" data-element_type=\"widget\" data-e-type=\"widget\" data-widget_type=\"tp-video-player.default\">\n\t\t\t\t<div class=\"elementor-widget-container\">\n\t\t\t\t\t<div class=\"pt_plus_video-box-shadow video_player6a0654ed74403 \"   ><div class=\"pt_plus_video_player   text-\"><div class=\"ts-video-wrapper embed-container  ts-type-youtube\"><iframe  id=\"video_player6a0654ed743bc\" width=\"100%\"  src=\"https:\/\/www.youtube.com\/embed\/d0NDZKWerg8?&amp;autohide=1&amp;showtitle=0&amp;controls=1&amp;showinfo=1&amp;modestbranding=0&amp;rel=1\"  frameborder=\"0\" allowfullscreen><\/iframe><\/div><\/div><\/div>\t\t\t\t<\/div>\n\t\t\t\t<\/div>\n\t\t\t\t<\/div>\n\t\t<div class=\"elementor-element elementor-element-059ce60 e-con-full e-flex e-con e-child\" data-id=\"059ce60\" data-element_type=\"container\" data-e-type=\"container\">\n\t\t<div class=\"elementor-element elementor-element-74fbae2 e-con-full e-flex e-con e-child\" data-id=\"74fbae2\" data-element_type=\"container\" data-e-type=\"container\">\n\t\t\t\t<div class=\"elementor-element elementor-element-ce88c37 elementor-widget elementor-widget-heading\" data-id=\"ce88c37\" data-element_type=\"widget\" data-e-type=\"widget\" data-widget_type=\"heading.default\">\n\t\t\t\t<div class=\"elementor-widget-container\">\n\t\t\t\t\t<h1 class=\"elementor-heading-title elementor-size-default\">G\u00e1rdos P\u00e9ter: Hamis\u00edt\u00f3k<\/h1>\t\t\t\t<\/div>\n\t\t\t\t<\/div>\n\t\t\t\t<\/div>\n\t\t<div class=\"elementor-element elementor-element-653d9db e-con-full e-flex e-con e-child\" data-id=\"653d9db\" data-element_type=\"container\" data-e-type=\"container\">\n\t\t\t\t<div class=\"elementor-element elementor-element-a925260 elementor-widget elementor-widget-text-editor\" data-id=\"a925260\" data-element_type=\"widget\" data-e-type=\"widget\" data-widget_type=\"text-editor.default\">\n\t\t\t\t<div class=\"elementor-widget-container\">\n\t\t\t\t\t\t\t\t\t<p>Nagyon k\u00fcl\u00f6nleges \u00e9s megtisztel\u0151 volt P\u00e9terrel besz\u00e9lgetnI, \u0151 az a szerz\u0151, akinek sem a nyomtatott lapokon sem \u00e9l\u0151 sz\u00f3ban nem tudom megunni a t\u00f6rt\u00e9neteit, \u00e9les l\u00e1t\u00e1s\u00e1t \u00e9s \u00e9letigenl\u0151 l\u00e1t\u00e1sm\u00f3dj\u00e1t. K\u00f6sz\u00f6n\u00f6m sz\u00e9pen, hogy megtisztelt a jelenl\u00e9t\u00e9vel \u00e9s bizalm\u00e1val, hiszen megannyi dolgot most osztott meg el\u0151sz\u00f6r. H\u00e1l\u00e1san k\u00f6sz\u00f6n\u00f6m az Open Books Kiad\u00f3nak, hogy m\u00e9g a megjelen\u00e9s el\u0151tt felaj\u00e1nlotta ezt a nagyszer\u0171 lehet\u0151s\u00e9get! Mindenkinek szeretettel aj\u00e1nlom G\u00e1rdos P\u00e9ter leg\u00fajabb k\u00f6nyv\u00e9t a Hamis\u00edt\u00f3kat! Folyamatosan k\u00e9rdez \u00e9s figyelmeztet a reg\u00e9ny az emberi jellemet, d\u00f6nt\u00e9seket \u00e9s a k\u00f6z\u00e9leti val\u00f3s\u00e1got illet\u0151en.<\/p>\t\t\t\t\t\t\t\t<\/div>\n\t\t\t\t<\/div>\n\t\t\t\t<\/div>\n\t\t\t\t<\/div>\n\t\t\t\t\t<\/div>\n\t\t\t\t<\/div>\n\t\t<div class=\"elementor-element elementor-element-09cf31a e-flex e-con-boxed e-con e-parent\" data-id=\"09cf31a\" data-element_type=\"container\" data-e-type=\"container\">\n\t\t\t\t\t<div class=\"e-con-inner\">\n\t\t<div class=\"elementor-element elementor-element-939cf9d e-con-full e-flex e-con e-child\" data-id=\"939cf9d\" data-element_type=\"container\" data-e-type=\"container\">\n\t\t\t\t<div class=\"elementor-element elementor-element-a0db447 elementor-widget elementor-widget-tp-video-player\" data-id=\"a0db447\" data-element_type=\"widget\" data-e-type=\"widget\" data-widget_type=\"tp-video-player.default\">\n\t\t\t\t<div class=\"elementor-widget-container\">\n\t\t\t\t\t<div class=\"pt_plus_video-box-shadow video_player6a0654ed75a7d \"   ><div class=\"pt_plus_video_player   text-\"><div class=\"ts-video-wrapper embed-container  ts-type-youtube\"><iframe  id=\"video_player6a0654ed75a4a\" width=\"100%\"  src=\"https:\/\/www.youtube.com\/embed\/YlKHJf2H9GQ?&amp;autohide=1&amp;showtitle=0&amp;controls=1&amp;showinfo=1&amp;modestbranding=0&amp;rel=1\"  frameborder=\"0\" allowfullscreen><\/iframe><\/div><\/div><\/div>\t\t\t\t<\/div>\n\t\t\t\t<\/div>\n\t\t\t\t<\/div>\n\t\t<div class=\"elementor-element elementor-element-ba05131 e-con-full e-flex e-con e-child\" data-id=\"ba05131\" data-element_type=\"container\" data-e-type=\"container\">\n\t\t<div class=\"elementor-element elementor-element-e5eac7f e-con-full e-flex e-con e-child\" data-id=\"e5eac7f\" data-element_type=\"container\" data-e-type=\"container\">\n\t\t\t\t<div class=\"elementor-element elementor-element-8e0401a elementor-widget elementor-widget-heading\" data-id=\"8e0401a\" data-element_type=\"widget\" data-e-type=\"widget\" data-widget_type=\"heading.default\">\n\t\t\t\t<div class=\"elementor-widget-container\">\n\t\t\t\t\t<h1 class=\"elementor-heading-title elementor-size-default\">Kertesy T\u00fcnde: Sorsford\u00edt\u00f3 n\u0151k<\/h1>\t\t\t\t<\/div>\n\t\t\t\t<\/div>\n\t\t\t\t<\/div>\n\t\t<div class=\"elementor-element elementor-element-314776b e-con-full e-flex e-con e-child\" data-id=\"314776b\" data-element_type=\"container\" data-e-type=\"container\">\n\t\t\t\t<div class=\"elementor-element elementor-element-3f4d970 elementor-widget elementor-widget-text-editor\" data-id=\"3f4d970\" data-element_type=\"widget\" data-e-type=\"widget\" data-widget_type=\"text-editor.default\">\n\t\t\t\t<div class=\"elementor-widget-container\">\n\t\t\t\t\t\t\t\t\t<p>Nagy megtiszteltet\u00e9s volt sz\u00e1momra, amikor T\u00fcndi m\u00e9g a k\u00f6nyve megjelen\u00e9se el\u0151tt, febru\u00e1rban felk\u00e9rt, hogy legyek a besz\u00e9lget\u0151partnere a k\u00f6nybemutat\u00f3j\u00e1n.<\/p>\t\t\t\t\t\t\t\t<\/div>\n\t\t\t\t<\/div>\n\t\t\t\t<\/div>\n\t\t\t\t<\/div>\n\t\t\t\t\t<\/div>\n\t\t\t\t<\/div>\n\t\t<div class=\"elementor-element elementor-element-864509e e-flex e-con-boxed e-con e-parent\" data-id=\"864509e\" data-element_type=\"container\" data-e-type=\"container\">\n\t\t\t\t\t<div class=\"e-con-inner\">\n\t\t<div class=\"elementor-element elementor-element-8eca7a6 e-con-full e-flex e-con e-child\" data-id=\"8eca7a6\" data-element_type=\"container\" data-e-type=\"container\">\n\t\t\t\t<div class=\"elementor-element elementor-element-e17f39d elementor-widget elementor-widget-tp-video-player\" data-id=\"e17f39d\" data-element_type=\"widget\" data-e-type=\"widget\" data-widget_type=\"tp-video-player.default\">\n\t\t\t\t<div class=\"elementor-widget-container\">\n\t\t\t\t\t<div class=\"pt_plus_video-box-shadow video_player6a0654ed76b43 \"   ><div class=\"pt_plus_video_player   text-\"><div class=\"ts-video-wrapper embed-container  ts-type-youtube\"><iframe  id=\"video_player6a0654ed76b1a\" width=\"100%\"  src=\"https:\/\/www.youtube.com\/embed\/g5LjPs-4o8E?&amp;autohide=1&amp;showtitle=0&amp;controls=1&amp;showinfo=1&amp;modestbranding=0&amp;rel=1\"  frameborder=\"0\" allowfullscreen><\/iframe><\/div><\/div><\/div>\t\t\t\t<\/div>\n\t\t\t\t<\/div>\n\t\t\t\t<\/div>\n\t\t<div class=\"elementor-element elementor-element-f9c2532 e-con-full e-flex e-con e-child\" data-id=\"f9c2532\" data-element_type=\"container\" data-e-type=\"container\">\n\t\t<div class=\"elementor-element elementor-element-3894624 e-con-full e-flex e-con e-child\" data-id=\"3894624\" data-element_type=\"container\" data-e-type=\"container\">\n\t\t\t\t<div class=\"elementor-element elementor-element-e1918c4 elementor-widget elementor-widget-heading\" data-id=\"e1918c4\" data-element_type=\"widget\" data-e-type=\"widget\" data-widget_type=\"heading.default\">\n\t\t\t\t<div class=\"elementor-widget-container\">\n\t\t\t\t\t<h1 class=\"elementor-heading-title elementor-size-default\">Lazaridisz Georgina Sofia: Az \u00d6t\u00f6dik interj\u00fa<\/h1>\t\t\t\t<\/div>\n\t\t\t\t<\/div>\n\t\t\t\t<\/div>\n\t\t<div class=\"elementor-element elementor-element-846004b e-con-full e-flex e-con e-child\" data-id=\"846004b\" data-element_type=\"container\" data-e-type=\"container\">\n\t\t\t\t<div class=\"elementor-element elementor-element-abefe99 elementor-widget elementor-widget-text-editor\" data-id=\"abefe99\" data-element_type=\"widget\" data-e-type=\"widget\" data-widget_type=\"text-editor.default\">\n\t\t\t\t<div class=\"elementor-widget-container\">\n\t\t\t\t\t\t\t\t\t<p>Hatalmas megtiszteltet\u00e9s volt Georgin\u00e1val besz\u00e9lgetni. M\u00e9g egyszer k\u00f6sz\u00f6n\u00f6m sz\u00e9pen, hogy megtisztelt a jelenl\u00e9t\u00e9vel! Mindenkinek szeretettel aj\u00e1nlom k\u00f6nyv\u00e9t, \u00fagy gondolom, hogy minden embernek olvasnia k\u00e9ne, hiszen nemcsak lebilincsel\u0151 olvasm\u00e1ny, hanem \u00e9szrev\u00e9tlen\u00fcl gy\u00f3gy\u00edt is.<\/p>\t\t\t\t\t\t\t\t<\/div>\n\t\t\t\t<\/div>\n\t\t\t\t<\/div>\n\t\t\t\t<\/div>\n\t\t\t\t\t<\/div>\n\t\t\t\t<\/div>\n\t\t<div class=\"elementor-element elementor-element-93e736a e-flex e-con-boxed e-con e-parent\" data-id=\"93e736a\" data-element_type=\"container\" data-e-type=\"container\">\n\t\t\t\t\t<div class=\"e-con-inner\">\n\t\t<div class=\"elementor-element elementor-element-cfbb54d e-con-full e-flex e-con e-child\" data-id=\"cfbb54d\" data-element_type=\"container\" data-e-type=\"container\">\n\t\t\t\t<div class=\"elementor-element elementor-element-cc9ac72 elementor-widget elementor-widget-tp-video-player\" data-id=\"cc9ac72\" data-element_type=\"widget\" data-e-type=\"widget\" data-widget_type=\"tp-video-player.default\">\n\t\t\t\t<div class=\"elementor-widget-container\">\n\t\t\t\t\t<div class=\"pt_plus_video-box-shadow video_player6a0654ed77ac6 \"   ><div class=\"pt_plus_video_player   text-\"><div class=\"ts-video-wrapper embed-container  ts-type-youtube\"><iframe  id=\"video_player6a0654ed77a91\" width=\"100%\"  src=\"https:\/\/www.youtube.com\/embed\/karfC0fiYfE?&amp;autohide=1&amp;showtitle=0&amp;controls=1&amp;showinfo=1&amp;modestbranding=0&amp;rel=1\"  frameborder=\"0\" allowfullscreen><\/iframe><\/div><\/div><\/div>\t\t\t\t<\/div>\n\t\t\t\t<\/div>\n\t\t\t\t<\/div>\n\t\t<div class=\"elementor-element elementor-element-b4cf336 e-con-full e-flex e-con e-child\" data-id=\"b4cf336\" data-element_type=\"container\" data-e-type=\"container\">\n\t\t<div class=\"elementor-element elementor-element-6734563 e-con-full e-flex e-con e-child\" data-id=\"6734563\" data-element_type=\"container\" data-e-type=\"container\">\n\t\t\t\t<div class=\"elementor-element elementor-element-e138146 elementor-widget elementor-widget-heading\" data-id=\"e138146\" data-element_type=\"widget\" data-e-type=\"widget\" data-widget_type=\"heading.default\">\n\t\t\t\t<div class=\"elementor-widget-container\">\n\t\t\t\t\t<h1 class=\"elementor-heading-title elementor-size-default\">Anne a Z\u00f6ld Oromb\u00f3l helysz\u00ednek - Koz\u00e1k Zsolt<\/h1>\t\t\t\t<\/div>\n\t\t\t\t<\/div>\n\t\t\t\t<\/div>\n\t\t<div class=\"elementor-element elementor-element-806d1c0 e-con-full e-flex e-con e-child\" data-id=\"806d1c0\" data-element_type=\"container\" data-e-type=\"container\">\n\t\t\t\t<div class=\"elementor-element elementor-element-7492662 elementor-widget elementor-widget-text-editor\" data-id=\"7492662\" data-element_type=\"widget\" data-e-type=\"widget\" data-widget_type=\"text-editor.default\">\n\t\t\t\t<div class=\"elementor-widget-container\">\n\t\t\t\t\t\t\t\t\t<p>Az Anne a\u00a0 Z\u00f6ld Oromb\u00f3l helysz\u00edneit hozta el k\u00f6z\u00e9nk Koz\u00e1k Zsolt.<\/p>\t\t\t\t\t\t\t\t<\/div>\n\t\t\t\t<\/div>\n\t\t\t\t<\/div>\n\t\t\t\t<\/div>\n\t\t\t\t\t<\/div>\n\t\t\t\t<\/div>\n\t\t<div class=\"elementor-element elementor-element-0c8aaf7 e-flex e-con-boxed e-con e-parent\" data-id=\"0c8aaf7\" data-element_type=\"container\" data-e-type=\"container\">\n\t\t\t\t\t<div class=\"e-con-inner\">\n\t\t<div class=\"elementor-element elementor-element-1b9acef e-con-full e-flex e-con e-child\" data-id=\"1b9acef\" data-element_type=\"container\" data-e-type=\"container\">\n\t\t\t\t<div class=\"elementor-element elementor-element-e5525de elementor-widget elementor-widget-tp-video-player\" data-id=\"e5525de\" data-element_type=\"widget\" data-e-type=\"widget\" data-widget_type=\"tp-video-player.default\">\n\t\t\t\t<div class=\"elementor-widget-container\">\n\t\t\t\t\t<div class=\"pt_plus_video-box-shadow video_player6a0654ed78a1c \"   ><div class=\"pt_plus_video_player   text-\"><div class=\"ts-video-wrapper embed-container  ts-type-youtube\"><iframe  id=\"video_player6a0654ed789f5\" width=\"100%\"  src=\"https:\/\/www.youtube.com\/embed\/Ry0eUmjo6PY?&amp;autohide=1&amp;showtitle=0&amp;controls=1&amp;showinfo=1&amp;modestbranding=0&amp;rel=1\"  frameborder=\"0\" allowfullscreen><\/iframe><\/div><\/div><\/div>\t\t\t\t<\/div>\n\t\t\t\t<\/div>\n\t\t\t\t<\/div>\n\t\t<div class=\"elementor-element elementor-element-470efd7 e-con-full e-flex e-con e-child\" data-id=\"470efd7\" data-element_type=\"container\" data-e-type=\"container\">\n\t\t<div class=\"elementor-element elementor-element-dd7362f e-con-full e-flex e-con e-child\" data-id=\"dd7362f\" data-element_type=\"container\" data-e-type=\"container\">\n\t\t\t\t<div class=\"elementor-element elementor-element-4a59dda elementor-widget elementor-widget-heading\" data-id=\"4a59dda\" data-element_type=\"widget\" data-e-type=\"widget\" data-widget_type=\"heading.default\">\n\t\t\t\t<div class=\"elementor-widget-container\">\n\t\t\t\t\t<h1 class=\"elementor-heading-title elementor-size-default\">Pom\u00e1z Online - Komfort k\u00f6nyvklub alakult<\/h1>\t\t\t\t<\/div>\n\t\t\t\t<\/div>\n\t\t\t\t<\/div>\n\t\t<div class=\"elementor-element elementor-element-27d6e56 e-con-full e-flex e-con e-child\" data-id=\"27d6e56\" data-element_type=\"container\" data-e-type=\"container\">\n\t\t\t\t<div class=\"elementor-element elementor-element-8a374fc elementor-widget elementor-widget-text-editor\" data-id=\"8a374fc\" data-element_type=\"widget\" data-e-type=\"widget\" data-widget_type=\"text-editor.default\">\n\t\t\t\t<div class=\"elementor-widget-container\">\n\t\t\t\t\t\t\t\t\t<p>A k\u00f6nyvklub az irodalmat \u00e9rt\u0151 \u00e9s szeret\u0151 k\u00f6z\u00f6ss\u00e9g sz\u00e1m\u00e1ra k\u00f6z\u00f6ss\u00e9gform\u00e1l\u00f3 c\u00e9llal alakult, az alap\u00edt\u00f3k szeretn\u00e9k, hogy az irodalom min\u00e9l t\u00f6bb ember sz\u00e1m\u00e1ra el\u00e9rhet\u0151 legyen.<\/p>\t\t\t\t\t\t\t\t<\/div>\n\t\t\t\t<\/div>\n\t\t\t\t<\/div>\n\t\t\t\t<\/div>\n\t\t\t\t\t<\/div>\n\t\t\t\t<\/div>\n\t\t\t\t<\/div>\n\t\t","protected":false},"excerpt":{"rendered":"<p>G\u00e1rdos P\u00e9ter: Hamis\u00edt\u00f3k Nagyon k\u00fcl\u00f6nleges \u00e9s megtisztel\u0151 volt P\u00e9terrel besz\u00e9lgetnI, \u0151 az a szerz\u0151, akinek sem a nyomtatott lapokon sem \u00e9l\u0151 sz\u00f3ban nem tudom megunni a t\u00f6rt\u00e9neteit, \u00e9les l\u00e1t\u00e1s\u00e1t \u00e9s \u00e9letigenl\u0151 l\u00e1t\u00e1sm\u00f3dj\u00e1t. K\u00f6sz\u00f6n\u00f6m sz\u00e9pen, hogy megtisztelt a jelenl\u00e9t\u00e9vel \u00e9s bizalm\u00e1val, hiszen megannyi dolgot most osztott meg el\u0151sz\u00f6r. H\u00e1l\u00e1san k\u00f6sz\u00f6n\u00f6m az Open Books Kiad\u00f3nak, hogy m\u00e9g [&hellip;]<\/p>\n","protected":false},"author":2,"featured_media":0,"parent":0,"menu_order":0,"comment_status":"closed","ping_status":"closed","template":"","meta":{"footnotes":""},"class_list":["post-247","page","type-page","status-publish","hentry"],"lang":"hu","translations":{"hu":247,"en":516},"pll_sync_post":[],"_links":{"self":[{"href":"https:\/\/komfortkonyvklub.hu\/index.php?rest_route=\/wp\/v2\/pages\/247","targetHints":{"allow":["GET"]}}],"collection":[{"href":"https:\/\/komfortkonyvklub.hu\/index.php?rest_route=\/wp\/v2\/pages"}],"about":[{"href":"https:\/\/komfortkonyvklub.hu\/index.php?rest_route=\/wp\/v2\/types\/page"}],"author":[{"embeddable":true,"href":"https:\/\/komfortkonyvklub.hu\/index.php?rest_route=\/wp\/v2\/users\/2"}],"replies":[{"embeddable":true,"href":"https:\/\/komfortkonyvklub.hu\/index.php?rest_route=%2Fwp%2Fv2%2Fcomments&post=247"}],"version-history":[{"count":52,"href":"https:\/\/komfortkonyvklub.hu\/index.php?rest_route=\/wp\/v2\/pages\/247\/revisions"}],"predecessor-version":[{"id":646,"href":"https:\/\/komfortkonyvklub.hu\/index.php?rest_route=\/wp\/v2\/pages\/247\/revisions\/646"}],"wp:attachment":[{"href":"https:\/\/komfortkonyvklub.hu\/index.php?rest_route=%2Fwp%2Fv2%2Fmedia&parent=247"}],"curies":[{"name":"wp","href":"https:\/\/api.w.org\/{rel}","templated":true}]}}