{"id":207,"date":"2025-08-02T02:50:46","date_gmt":"2025-08-02T00:50:46","guid":{"rendered":"https:\/\/komfortkonyvklub.hu\/?page_id=207"},"modified":"2025-08-08T15:38:47","modified_gmt":"2025-08-08T13:38:47","slug":"aboutus","status":"publish","type":"page","link":"https:\/\/komfortkonyvklub.hu\/?page_id=207&lang=hu","title":{"rendered":"R\u00f3lunk"},"content":{"rendered":"\t\t<div data-elementor-type=\"wp-page\" data-elementor-id=\"207\" class=\"elementor elementor-207\" data-elementor-post-type=\"page\">\n\t\t\t\t<div class=\"elementor-element elementor-element-81ccb55 e-flex e-con-boxed e-con e-parent\" data-id=\"81ccb55\" data-element_type=\"container\" data-e-type=\"container\" data-settings=\"{&quot;background_background&quot;:&quot;classic&quot;}\">\n\t\t\t\t\t<div class=\"e-con-inner\">\n\t\t<div class=\"elementor-element elementor-element-baac298 e-con-full e-flex e-con e-child\" data-id=\"baac298\" data-element_type=\"container\" data-e-type=\"container\">\n\t\t\t\t<div class=\"elementor-element elementor-element-3c20176 elementor-widget elementor-widget-heading\" data-id=\"3c20176\" data-element_type=\"widget\" data-e-type=\"widget\" data-widget_type=\"heading.default\">\n\t\t\t\t<div class=\"elementor-widget-container\">\n\t\t\t\t\t<h1 class=\"elementor-heading-title elementor-size-default\">A Komfort K\u00f6nyvklubr\u00f3l<\/h1>\t\t\t\t<\/div>\n\t\t\t\t<\/div>\n\t\t\t\t<div class=\"elementor-element elementor-element-effc40a elementor-widget elementor-widget-text-editor\" data-id=\"effc40a\" data-element_type=\"widget\" data-e-type=\"widget\" data-widget_type=\"text-editor.default\">\n\t\t\t\t<div class=\"elementor-widget-container\">\n\t\t\t\t\t\t\t\t\t<p><strong>Rengeteg k\u00f6nyv l\u00e9tezik<\/strong>, mely visszahozza azt az \u00e9rz\u00e9st, amikor t\u0171k\u00f6n \u00fclsz, hogy olvashasd a k\u00f6vetkez\u0151 mondatot! Az a fajta \u00e9lm\u00e9ny, <strong>mely t\u00f6k\u00e9letes egy h\u00faz\u00f3s nap ut\u00e1n is, ami mag\u00e1val ragad \u00e9s egyszerre pihentet<\/strong>. Ez\u00e9rt hoztam l\u00e9tre a Komfort K\u00f6nyvklubot, hogy havi k\u00f6z\u00f6s olvasm\u00e1nyk\u00e9nt, olyan k\u00f6nyveket mutassak, melyek megadj\u00e1k ezt.<\/p><p><strong>Az izgalmas t\u00f6rt\u00e9netek kort\u00f3l, munkak\u00f6rt\u0151l, sz\u00e1rmaz\u00e1st\u00f3l, nyelvt\u0151l f\u00fcggetlen\u00fcl \u00f6sszekapcsolj\u00e1k az embereket. Egy t\u00f6rt\u00e9net, k\u00fcl\u00f6n meg\u00e9l\u00e9sek, m\u00e9gis k\u00f6z\u00f6s t\u00e9ma, ami \u00f6sszek\u00f6t.<\/strong><br \/>K\u00f6nyvklubunk egy olyan t\u00e9r, mely nem csak online, hanem offline kapcsol\u00f3d\u00e1st, k\u00f6z\u00f6ss\u00e9get adhat. Egy k\u00f6z\u00f6ss\u00e9get, ami megtart, ahova j\u00f3 tartozni. Egy hely, ahol \u00faj szemsz\u00f6geket ismerhet\u00fcnk meg, ahol mindenki v\u00e9lem\u00e9nye egyar\u00e1nt fontos \u00e9s elfogadott. <strong>N\u00e1dasdy \u00c1d\u00e1m<\/strong>, ahogy tan\u00e1csolta k\u00f6nyvklubunknak, az\u00e9rt \u00e9rdemes olvasni sokat, <strong>\u201emert akkor az ember megtanul bele helyezkedni m\u00e1soknak a helyzet\u00e9be, lelki vil\u00e1g\u00e1ba, \u00e9rzelmeibe. Nem kell, hogy azok szimpatikusak legyenek, csak hogy meg\u00e9rts\u00fck, hogy mi mozgatja \u0151ket. \u00c9s akkor tal\u00e1n az \u00e9letben, ha tal\u00e1lkozunk vel\u00fck, majd jobban tudjuk kezelni.\u201d<\/strong><\/p><p>Amilyen gyakran, csak lehet\u0151s\u00e9g\u00fcnk ad\u00f3dik, a havi k\u00f6nyvklub besz\u00e9lget\u00e9sen k\u00edv\u00fcl, havi k\u00f6z\u00f6s k\u00f6nyv\u00fcnk \u00edr\u00f3j\u00e1t, k\u00f6nyv t\u00e9m\u00e1j\u00e1val kapcsolatos szak\u00e9rt\u0151t is vend\u00e9g\u00fcl fogadunk. Eme \u00edr\u00f3-olvas\u00f3 tal\u00e1lkoz\u00f3kra, dedik\u00e1l\u00e1sokra v\u00e1rjuk szeretettel azokat, akik m\u00e1r olvast\u00e1k az adott k\u00f6nyvet vagy akik plusz motiv\u00e1ci\u00f3ra v\u00e1gynak hozz\u00e1. Ami m\u00e1r biztos: <strong>id\u00e9n el fog l\u00e1togatni hozz\u00e1nk N\u00e1dasdy \u00c1d\u00e1m, Bauer Barbara, Michala Ries \u00e9s az Egyes\u00fclt \u00c1llamok beli Rachel Lynn Solomon<\/strong>. Persze folyamatosan megy a szervez\u00e9s m\u00e1s nagyszer\u0171 szerz\u0151kkel is, de az \u0151 kil\u00e9t\u00fck legyen egyel\u0151re meglepet\u00e9s. \ud83d\ude09<\/p><p>Ha \u00e9rdekelnek friss h\u00edreink megtal\u00e1lsz minket <span style=\"text-decoration: underline;\"><a href=\"https:\/\/www.facebook.com\/groups\/488380643867183\/\">facebookon Komfort K\u00f6nyvklub Pom\u00e1z csoportban<\/a><\/span>. <span style=\"text-decoration: underline;\"><a href=\"https:\/\/www.youtube.com\/channel\/UCYxp5ccF0MWAR7epjJYAPNQ\">Youtube<\/a><\/span>-on, <span style=\"text-decoration: underline;\"><a href=\"https:\/\/www.instagram.com\/komfortkonyvklub?utm_source=ig_web_button_share_sheet&amp;igsh=ZDNlZDc0MzIxNw==\">Instagram<\/a><\/span>-on \u00e9s <span style=\"text-decoration: underline;\"><a href=\"https:\/\/www.tiktok.com\/@komfortkonyvklub\">TikTok<\/a><\/span>-on is tal\u00e1lhatsz t\u0151l\u00fcnk tartalmakat.<\/p>\t\t\t\t\t\t\t\t<\/div>\n\t\t\t\t<\/div>\n\t\t\t\t<\/div>\n\t\t<div class=\"elementor-element elementor-element-cc011de e-con-full e-flex e-con e-child\" data-id=\"cc011de\" data-element_type=\"container\" data-e-type=\"container\">\n\t\t<div class=\"elementor-element elementor-element-b1c3e18 e-con-full e-flex e-con e-child\" data-id=\"b1c3e18\" data-element_type=\"container\" data-e-type=\"container\">\n\t\t\t\t<div class=\"elementor-element elementor-element-ee8674a elementor-widget elementor-widget-image\" data-id=\"ee8674a\" data-element_type=\"widget\" data-e-type=\"widget\" data-widget_type=\"image.default\">\n\t\t\t\t<div class=\"elementor-widget-container\">\n\t\t\t\t\t\t\t\t\t\t\t\t\t\t\t<img fetchpriority=\"high\" decoding=\"async\" width=\"683\" height=\"1024\" src=\"https:\/\/komfortkonyvklub.hu\/wp-content\/uploads\/2025\/05\/031-683x1024.jpg\" class=\"attachment-large size-large wp-image-40\" alt=\"\" srcset=\"https:\/\/komfortkonyvklub.hu\/wp-content\/uploads\/2025\/05\/031-683x1024.jpg 683w, https:\/\/komfortkonyvklub.hu\/wp-content\/uploads\/2025\/05\/031-200x300.jpg 200w, https:\/\/komfortkonyvklub.hu\/wp-content\/uploads\/2025\/05\/031-768x1152.jpg 768w, https:\/\/komfortkonyvklub.hu\/wp-content\/uploads\/2025\/05\/031-1024x1536.jpg 1024w, https:\/\/komfortkonyvklub.hu\/wp-content\/uploads\/2025\/05\/031.jpg 1365w\" sizes=\"(max-width: 683px) 100vw, 683px\" \/>\t\t\t\t\t\t\t\t\t\t\t\t\t\t\t<\/div>\n\t\t\t\t<\/div>\n\t\t\t\t<\/div>\n\t\t\t\t<\/div>\n\t\t\t\t\t<\/div>\n\t\t\t\t<\/div>\n\t\t\t\t<\/div>\n\t\t","protected":false},"excerpt":{"rendered":"<p>A Komfort K\u00f6nyvklubr\u00f3l Rengeteg k\u00f6nyv l\u00e9tezik, mely visszahozza azt az \u00e9rz\u00e9st, amikor t\u0171k\u00f6n \u00fclsz, hogy olvashasd a k\u00f6vetkez\u0151 mondatot! Az a fajta \u00e9lm\u00e9ny, mely t\u00f6k\u00e9letes egy h\u00faz\u00f3s nap ut\u00e1n is, ami mag\u00e1val ragad \u00e9s egyszerre pihentet. Ez\u00e9rt hoztam l\u00e9tre a Komfort K\u00f6nyvklubot, hogy havi k\u00f6z\u00f6s olvasm\u00e1nyk\u00e9nt, olyan k\u00f6nyveket mutassak, melyek megadj\u00e1k ezt. Az izgalmas t\u00f6rt\u00e9netek [&hellip;]<\/p>\n","protected":false},"author":2,"featured_media":0,"parent":0,"menu_order":0,"comment_status":"closed","ping_status":"closed","template":"","meta":{"footnotes":""},"class_list":["post-207","page","type-page","status-publish","hentry"],"lang":"hu","translations":{"hu":207,"en":510},"pll_sync_post":[],"_links":{"self":[{"href":"https:\/\/komfortkonyvklub.hu\/index.php?rest_route=\/wp\/v2\/pages\/207","targetHints":{"allow":["GET"]}}],"collection":[{"href":"https:\/\/komfortkonyvklub.hu\/index.php?rest_route=\/wp\/v2\/pages"}],"about":[{"href":"https:\/\/komfortkonyvklub.hu\/index.php?rest_route=\/wp\/v2\/types\/page"}],"author":[{"embeddable":true,"href":"https:\/\/komfortkonyvklub.hu\/index.php?rest_route=\/wp\/v2\/users\/2"}],"replies":[{"embeddable":true,"href":"https:\/\/komfortkonyvklub.hu\/index.php?rest_route=%2Fwp%2Fv2%2Fcomments&post=207"}],"version-history":[{"count":10,"href":"https:\/\/komfortkonyvklub.hu\/index.php?rest_route=\/wp\/v2\/pages\/207\/revisions"}],"predecessor-version":[{"id":384,"href":"https:\/\/komfortkonyvklub.hu\/index.php?rest_route=\/wp\/v2\/pages\/207\/revisions\/384"}],"wp:attachment":[{"href":"https:\/\/komfortkonyvklub.hu\/index.php?rest_route=%2Fwp%2Fv2%2Fmedia&parent=207"}],"curies":[{"name":"wp","href":"https:\/\/api.w.org\/{rel}","templated":true}]}}