{"id":1620,"date":"2026-05-13T10:57:27","date_gmt":"2026-05-13T08:57:27","guid":{"rendered":"https:\/\/komfortkonyvklub.hu\/?page_id=1620"},"modified":"2026-05-14T16:44:32","modified_gmt":"2026-05-14T14:44:32","slug":"konyvkoto-majus16","status":"publish","type":"page","link":"https:\/\/komfortkonyvklub.hu\/?page_id=1620&lang=hu","title":{"rendered":"K\u00f6nyvk\u00f6t\u0151 M\u00e1jus16"},"content":{"rendered":"\t\t<div data-elementor-type=\"wp-page\" data-elementor-id=\"1620\" class=\"elementor elementor-1620\" data-elementor-post-type=\"page\">\n\t\t\t\t<div class=\"elementor-element elementor-element-514ad63 e-flex e-con-boxed e-con e-parent\" data-id=\"514ad63\" data-element_type=\"container\" data-e-type=\"container\">\n\t\t\t\t\t<div class=\"e-con-inner\">\n\t\t<div class=\"elementor-element elementor-element-eebf313 e-con-full e-flex e-con e-child\" data-id=\"eebf313\" data-element_type=\"container\" data-e-type=\"container\">\n\t\t\t\t<div class=\"elementor-element elementor-element-16f713c elementor-widget elementor-widget-image\" data-id=\"16f713c\" data-element_type=\"widget\" data-e-type=\"widget\" data-widget_type=\"image.default\">\n\t\t\t\t<div class=\"elementor-widget-container\">\n\t\t\t\t\t\t\t\t\t\t\t\t\t\t\t<img fetchpriority=\"high\" decoding=\"async\" width=\"576\" height=\"1024\" src=\"https:\/\/komfortkonyvklub.hu\/wp-content\/uploads\/2026\/05\/Konyvkotoworkshop_story_6-1-576x1024.jpg\" class=\"attachment-large size-large wp-image-1625\" alt=\"\" srcset=\"https:\/\/komfortkonyvklub.hu\/wp-content\/uploads\/2026\/05\/Konyvkotoworkshop_story_6-1-576x1024.jpg 576w, https:\/\/komfortkonyvklub.hu\/wp-content\/uploads\/2026\/05\/Konyvkotoworkshop_story_6-1-169x300.jpg 169w, https:\/\/komfortkonyvklub.hu\/wp-content\/uploads\/2026\/05\/Konyvkotoworkshop_story_6-1-768x1365.jpg 768w, https:\/\/komfortkonyvklub.hu\/wp-content\/uploads\/2026\/05\/Konyvkotoworkshop_story_6-1-864x1536.jpg 864w, https:\/\/komfortkonyvklub.hu\/wp-content\/uploads\/2026\/05\/Konyvkotoworkshop_story_6-1.jpg 1080w\" sizes=\"(max-width: 576px) 100vw, 576px\" \/>\t\t\t\t\t\t\t\t\t\t\t\t\t\t\t<\/div>\n\t\t\t\t<\/div>\n\t\t\t\t<\/div>\n\t\t<div class=\"elementor-element elementor-element-8705333 e-con-full e-flex e-con e-child\" data-id=\"8705333\" data-element_type=\"container\" data-e-type=\"container\">\n\t\t<div class=\"elementor-element elementor-element-eb00050 e-con-full e-flex e-con e-child\" data-id=\"eb00050\" data-element_type=\"container\" data-e-type=\"container\">\n\t\t\t\t<div class=\"elementor-element elementor-element-27ae768 elementor-widget elementor-widget-heading\" data-id=\"27ae768\" data-element_type=\"widget\" data-e-type=\"widget\" data-widget_type=\"heading.default\">\n\t\t\t\t<div class=\"elementor-widget-container\">\n\t\t\t\t\t<h1 class=\"elementor-heading-title elementor-size-default\"><a href=\"https:\/\/www.facebook.com\/events\/755353686872854\">K\u00f6nyvk\u00f6t\u0151 workshop<\/a><\/h1>\t\t\t\t<\/div>\n\t\t\t\t<\/div>\n\t\t\t\t<\/div>\n\t\t<div class=\"elementor-element elementor-element-36bef20 e-con-full e-flex e-con e-child\" data-id=\"36bef20\" data-element_type=\"container\" data-e-type=\"container\">\n\t\t\t\t<div class=\"elementor-element elementor-element-ab1cf8c elementor-widget elementor-widget-text-editor\" data-id=\"ab1cf8c\" data-element_type=\"widget\" data-e-type=\"widget\" data-widget_type=\"text-editor.default\">\n\t\t\t\t<div class=\"elementor-widget-container\">\n\t\t\t\t\t\t\t\t\t<div class=\"xdj266r x14z9mp xat24cr x1lziwak x1vvkbs\">Mindig is szeretted volna, ha kedvenc k\u00f6nyved \u00faj, m\u00e9g szebb k\u00fcls\u0151t kap? Gyere el esem\u00e9ny\u00fcnkre, ahol most megval\u00f3sulhat!<\/div>\t\t\t\t\t\t\t\t<\/div>\n\t\t\t\t<\/div>\n\t\t\t\t<div class=\"elementor-element elementor-element-22d218f fluent-form-widget-step-header-yes fluent-form-widget-step-progressbar-yes fluentform-widget-submit-button-custom elementor-widget elementor-widget-fluent-form-widget\" data-id=\"22d218f\" data-element_type=\"widget\" data-e-type=\"widget\" data-widget_type=\"fluent-form-widget.default\">\n\t\t\t\t<div class=\"elementor-widget-container\">\n\t\t\t\t\t\n            <div class=\"fluentform-widget-wrapper fluentform-widget-align-default\">\n\n            \n            <div class='fluentform ff-default fluentform_wrapper_11 ffs_default_wrap'><form data-form_id=\"11\" id=\"fluentform_11\" class=\"frm-fluent-form fluent_form_11 ff-el-form-top ff_form_instance_11_1 ff-form-loading ffs_default\" data-form_instance=\"ff_form_instance_11_1\" method=\"POST\" ><fieldset  style=\"border: none!important;margin: 0!important;padding: 0!important;background-color: transparent!important;box-shadow: none!important;outline: none!important; min-inline-size: 100%;\">\n                    <legend class=\"ff_screen_reader_title\" style=\"display: block; margin: 0!important;padding: 0!important;height: 0!important;text-indent: -999999px;width: 0!important;overflow:hidden;\">M\u00e1jus16 - K\u00f6nyvk\u00f6t\u00e9s<\/legend><input type='hidden' name='__fluent_form_embded_post_id' value='1620' \/><input type=\"hidden\" id=\"_fluentform_11_fluentformnonce\" name=\"_fluentform_11_fluentformnonce\" value=\"4c5e31c066\" \/><input type=\"hidden\" name=\"_wp_http_referer\" value=\"\/index.php?rest_route=%2Fwp%2Fv2%2Fpages%2F1620\" \/><div data-type=\"name-element\" data-name=\"names\" class=\" ff-field_container ff-name-field-wrapper\" ><div class='ff-t-container'><div class='ff-t-cell '><div class='ff-el-group ff-el-form-top'><div class=\"ff-el-input--label asterisk-right\"><label for='ff_11_names_first_name_' id='label_ff_11_names_first_name_' >Keresztn\u00e9v<\/label><\/div><div class='ff-el-input--content'><input type=\"text\" name=\"names[first_name]\" id=\"ff_11_names_first_name_\" class=\"ff-el-form-control\" placeholder=\"Keresztn\u00e9v\" aria-invalid=\"false\" aria-required=false><\/div><\/div><\/div><div class='ff-t-cell '><div class='ff-el-group ff-el-form-top'><div class=\"ff-el-input--label asterisk-right\"><label for='ff_11_names_last_name_' id='label_ff_11_names_last_name_' >Vezet\u00e9kn\u00e9v<\/label><\/div><div class='ff-el-input--content'><input type=\"text\" name=\"names[last_name]\" id=\"ff_11_names_last_name_\" class=\"ff-el-form-control\" placeholder=\"Vezet\u00e9kn\u00e9v\" aria-invalid=\"false\" aria-required=false><\/div><\/div><\/div><\/div><\/div><div class='ff-el-group'><div class=\"ff-el-input--label ff-el-is-required asterisk-right\"><label for='ff_11_email' id='label_ff_11_email' aria-label=\"Email\">Email<\/label><\/div><div class='ff-el-input--content'><input type=\"email\" name=\"email\" id=\"ff_11_email\" class=\"ff-el-form-control\" placeholder=\"Email c\u00edm\" data-name=\"email\"  aria-invalid=\"false\" aria-required=true><\/div><\/div><div class='ff-el-group'><div class='ff-el-input--content'><div class='ff-el-form-check ff-el-form-check-'><label class='ff-el-form-check-label' for='input_radio_bf747bd79abcc4d38f312f8066e7e383'><input  type=\"radio\" name=\"input_radio\" data-name=\"input_radio\" class=\"ff-el-form-check-input ff-el-form-check-radio\" value=\"Viszem magammal a k\u00f6nyvet, amit \u00fajra szeretn\u00e9k k\u00f6tni\"  id='input_radio_bf747bd79abcc4d38f312f8066e7e383' aria-label='Viszem magammal a k\u00f6nyvet, amit \u00fajra szeretn\u00e9k k\u00f6tni' aria-invalid='false' aria-required=false> <span>Viszem magammal a k\u00f6nyvet, amit \u00fajra szeretn\u00e9k k\u00f6tni<\/span><\/label><\/div><div class='ff-el-form-check ff-el-form-check-'><label class='ff-el-form-check-label' for='input_radio_fae7c51341e966406bd8b8f550493990'><input  type=\"radio\" name=\"input_radio\" data-name=\"input_radio\" class=\"ff-el-form-check-input ff-el-form-check-radio\" value=\"Helysz\u00ednen veszem meg a k\u00f6nyvet, amit \u00fajra szeretn\u00e9k k\u00f6tni\"  id='input_radio_fae7c51341e966406bd8b8f550493990' aria-label='Helysz\u00ednen veszem meg a k\u00f6nyvet, amit \u00fajra szeretn\u00e9k k\u00f6tni' aria-invalid='false' aria-required=false> <span>Helysz\u00ednen veszem meg a k\u00f6nyvet, amit \u00fajra szeretn\u00e9k k\u00f6tni<\/span><\/label><\/div><\/div><\/div><div class='ff-el-group    ff-el-input--content'><div class='ff-el-form-check ff-el-tc'><label aria-label='Terms and Conditions: Elolvastam \u00e9s elfogadom az Adatkezel\u00e9si Nyilatkozatot Contains 1 link. Use tab navigation to review.' class='ff-el-form-check-label ff_tc_label' for=terms-n-condition_e5dac48f31425c6c7225449a61480dfe><span class='ff_tc_checkbox'><input type=\"checkbox\" name=\"terms-n-condition\" class=\"ff-el-form-check-input\" data-name=\"terms-n-condition\" id=\"terms-n-condition_e5dac48f31425c6c7225449a61480dfe\"  value='on' aria-invalid='false' aria-required=true><\/span> <div class='ff_t_c'><p>Elolvastam \u00e9s elfogadom az <a href=\"https:\/\/komfortkonyvklub.hu\/wp-content\/uploads\/2025\/10\/Karacsonyi-Konyvfesztival-ADATKEZELESI-TAJEKOZTATO.pdf\">Adatkezel\u00e9si Nyilatkozatot<\/a><\/p><\/div><\/label><\/div><\/div><div class='ff-el-group ff-text-center ff_submit_btn_wrapper'><button type=\"submit\" class=\"ff-btn ff-btn-submit ff-btn-md ff_btn_style wpf_has_custom_css\"  aria-label=\"Jelentkez\u00e9s\">Jelentkez\u00e9s<\/button><\/div><\/fieldset><\/form><div id='fluentform_11_errors' class='ff-errors-in-stack ff_form_instance_11_1 ff-form-loading_errors ff_form_instance_11_1_errors'><\/div><\/div>            <script type=\"text\/javascript\">\n                window.fluent_form_ff_form_instance_11_1 = {\"id\":\"11\",\"settings\":{\"layout\":{\"labelPlacement\":\"top\",\"asteriskPlacement\":\"asterisk-right\",\"helpMessagePlacement\":\"with_label\",\"errorMessagePlacement\":\"inline\",\"cssClassName\":\"\"},\"restrictions\":{\"denyEmptySubmission\":{\"enabled\":false}}},\"form_instance\":\"ff_form_instance_11_1\",\"form_id_selector\":\"fluentform_11\",\"rules\":{\"names[first_name]\":{\"required\":{\"value\":false,\"message\":\"Ez egy k\\u00f6telez\\u0151 mez\\u0151\",\"global_message\":\"Ez egy k\\u00f6telez\\u0151 mez\\u0151\",\"global\":true}},\"names[middle_name]\":{\"required\":{\"value\":false,\"message\":\"Ez egy k\\u00f6telez\\u0151 mez\\u0151\",\"global_message\":\"Ez egy k\\u00f6telez\\u0151 mez\\u0151\",\"global\":true}},\"names[last_name]\":{\"required\":{\"value\":false,\"message\":\"Ez egy k\\u00f6telez\\u0151 mez\\u0151\",\"global_message\":\"Ez egy k\\u00f6telez\\u0151 mez\\u0151\",\"global\":true}},\"email\":{\"required\":{\"value\":true,\"message\":\"Ez egy k\\u00f6telez\\u0151 mez\\u0151\",\"global_message\":\"Ez egy k\\u00f6telez\\u0151 mez\\u0151\",\"global\":true},\"email\":{\"value\":true,\"message\":\"A mez\\u0151nek \\u00e9rv\\u00e9nyes emailc\\u00edmet kell tartalmaznia\",\"global_message\":\"A mez\\u0151nek \\u00e9rv\\u00e9nyes emailc\\u00edmet kell tartalmaznia\",\"global\":true}},\"input_radio\":{\"required\":{\"value\":false,\"message\":\"Ez egy k\\u00f6telez\\u0151 mez\\u0151\",\"global_message\":\"Ez egy k\\u00f6telez\\u0151 mez\\u0151\",\"global\":true}},\"terms-n-condition\":{\"required\":{\"value\":true,\"message\":\"Ez egy k\\u00f6telez\\u0151 mez\\u0151\",\"global_message\":\"Ez egy k\\u00f6telez\\u0151 mez\\u0151\",\"global\":true}}},\"debounce_time\":300};\n                            <\/script>\n                        <\/div>\n\n            \t\t\t\t<\/div>\n\t\t\t\t<\/div>\n\t\t\t\t<\/div>\n\t\t\t\t<\/div>\n\t\t\t\t\t<\/div>\n\t\t\t\t<\/div>\n\t\t<div class=\"elementor-element elementor-element-7ba5214 e-flex e-con-boxed e-con e-parent\" data-id=\"7ba5214\" data-element_type=\"container\" data-e-type=\"container\" data-settings=\"{&quot;background_background&quot;:&quot;classic&quot;}\">\n\t\t\t\t\t<div class=\"e-con-inner\">\n\t\t\t\t<div class=\"elementor-element elementor-element-8953aa5 elementor-widget elementor-widget-gallery\" data-id=\"8953aa5\" data-element_type=\"widget\" data-e-type=\"widget\" data-settings=\"{&quot;image_hover_animation&quot;:&quot;grow&quot;,&quot;columns&quot;:3,&quot;lazyload&quot;:&quot;yes&quot;,&quot;gallery_layout&quot;:&quot;grid&quot;,&quot;columns_tablet&quot;:2,&quot;columns_mobile&quot;:1,&quot;gap&quot;:{&quot;unit&quot;:&quot;px&quot;,&quot;size&quot;:10,&quot;sizes&quot;:[]},&quot;gap_tablet&quot;:{&quot;unit&quot;:&quot;px&quot;,&quot;size&quot;:10,&quot;sizes&quot;:[]},&quot;gap_mobile&quot;:{&quot;unit&quot;:&quot;px&quot;,&quot;size&quot;:10,&quot;sizes&quot;:[]},&quot;link_to&quot;:&quot;file&quot;,&quot;aspect_ratio&quot;:&quot;3:2&quot;,&quot;overlay_background&quot;:&quot;yes&quot;,&quot;content_hover_animation&quot;:&quot;fade-in&quot;}\" data-widget_type=\"gallery.default\">\n\t\t\t\t<div class=\"elementor-widget-container\">\n\t\t\t\t\t\t\t<div class=\"elementor-gallery__container\">\n\t\t\t\t\t\t\t<a class=\"e-gallery-item elementor-gallery-item elementor-animated-content\" href=\"https:\/\/komfortkonyvklub.hu\/wp-content\/uploads\/2026\/05\/9718-scaled.jpg\" data-elementor-open-lightbox=\"yes\" data-elementor-lightbox-slideshow=\"8953aa5\" data-elementor-lightbox-title=\"9718\" data-e-action-hash=\"#elementor-action%3Aaction%3Dlightbox%26settings%3DeyJpZCI6MTY3NywidXJsIjoiaHR0cHM6XC9cL2tvbWZvcnRrb255dmtsdWIuaHVcL3dwLWNvbnRlbnRcL3VwbG9hZHNcLzIwMjZcLzA1XC85NzE4LXNjYWxlZC5qcGciLCJzbGlkZXNob3ciOiI4OTUzYWE1In0%3D\">\n\t\t\t\t\t<div class=\"e-gallery-image elementor-gallery-item__image\" data-thumbnail=\"https:\/\/komfortkonyvklub.hu\/wp-content\/uploads\/2026\/05\/9718-300x200.jpg\" data-width=\"300\" data-height=\"200\" aria-label=\"\" role=\"img\" ><\/div>\n\t\t\t\t\t\t\t\t\t\t\t<div class=\"elementor-gallery-item__overlay\"><\/div>\n\t\t\t\t\t\t\t\t\t\t\t\t\t\t<\/a>\n\t\t\t\t\t\t\t<a class=\"e-gallery-item elementor-gallery-item elementor-animated-content\" href=\"https:\/\/komfortkonyvklub.hu\/wp-content\/uploads\/2026\/05\/9717-scaled.jpg\" data-elementor-open-lightbox=\"yes\" data-elementor-lightbox-slideshow=\"8953aa5\" data-elementor-lightbox-title=\"9717\" data-e-action-hash=\"#elementor-action%3Aaction%3Dlightbox%26settings%3DeyJpZCI6MTY3OCwidXJsIjoiaHR0cHM6XC9cL2tvbWZvcnRrb255dmtsdWIuaHVcL3dwLWNvbnRlbnRcL3VwbG9hZHNcLzIwMjZcLzA1XC85NzE3LXNjYWxlZC5qcGciLCJzbGlkZXNob3ciOiI4OTUzYWE1In0%3D\">\n\t\t\t\t\t<div class=\"e-gallery-image elementor-gallery-item__image\" data-thumbnail=\"https:\/\/komfortkonyvklub.hu\/wp-content\/uploads\/2026\/05\/9717-300x200.jpg\" data-width=\"300\" data-height=\"200\" aria-label=\"\" role=\"img\" ><\/div>\n\t\t\t\t\t\t\t\t\t\t\t<div class=\"elementor-gallery-item__overlay\"><\/div>\n\t\t\t\t\t\t\t\t\t\t\t\t\t\t<\/a>\n\t\t\t\t\t\t\t<a class=\"e-gallery-item elementor-gallery-item elementor-animated-content\" href=\"https:\/\/komfortkonyvklub.hu\/wp-content\/uploads\/2026\/05\/9719-scaled.jpg\" data-elementor-open-lightbox=\"yes\" data-elementor-lightbox-slideshow=\"8953aa5\" data-elementor-lightbox-title=\"9719\" data-e-action-hash=\"#elementor-action%3Aaction%3Dlightbox%26settings%3DeyJpZCI6MTY3NiwidXJsIjoiaHR0cHM6XC9cL2tvbWZvcnRrb255dmtsdWIuaHVcL3dwLWNvbnRlbnRcL3VwbG9hZHNcLzIwMjZcLzA1XC85NzE5LXNjYWxlZC5qcGciLCJzbGlkZXNob3ciOiI4OTUzYWE1In0%3D\">\n\t\t\t\t\t<div class=\"e-gallery-image elementor-gallery-item__image\" data-thumbnail=\"https:\/\/komfortkonyvklub.hu\/wp-content\/uploads\/2026\/05\/9719-300x183.jpg\" data-width=\"300\" data-height=\"183\" aria-label=\"\" role=\"img\" ><\/div>\n\t\t\t\t\t\t\t\t\t\t\t<div class=\"elementor-gallery-item__overlay\"><\/div>\n\t\t\t\t\t\t\t\t\t\t\t\t\t\t<\/a>\n\t\t\t\t\t<\/div>\n\t\t\t\t\t<\/div>\n\t\t\t\t<\/div>\n\t\t\t\t\t<\/div>\n\t\t\t\t<\/div>\n\t\t\t\t<\/div>\n\t\t","protected":false},"excerpt":{"rendered":"<p>K\u00f6nyvk\u00f6t\u0151 workshop Mindig is szeretted volna, ha kedvenc k\u00f6nyved \u00faj, m\u00e9g szebb k\u00fcls\u0151t kap? Gyere el esem\u00e9ny\u00fcnkre, ahol most megval\u00f3sulhat! M\u00e1jus16 &#8211; K\u00f6nyvk\u00f6t\u00e9s Keresztn\u00e9vVezet\u00e9kn\u00e9vEmail Viszem magammal a k\u00f6nyvet, amit \u00fajra szeretn\u00e9k k\u00f6tni Helysz\u00ednen veszem meg a k\u00f6nyvet, amit \u00fajra szeretn\u00e9k k\u00f6tni Elolvastam \u00e9s elfogadom az Adatkezel\u00e9si Nyilatkozatot Jelentkez\u00e9s<\/p>\n","protected":false},"author":2,"featured_media":0,"parent":0,"menu_order":0,"comment_status":"closed","ping_status":"closed","template":"","meta":{"footnotes":""},"class_list":["post-1620","page","type-page","status-publish","hentry"],"lang":"hu","translations":{"hu":1620},"pll_sync_post":[],"_links":{"self":[{"href":"https:\/\/komfortkonyvklub.hu\/index.php?rest_route=\/wp\/v2\/pages\/1620","targetHints":{"allow":["GET"]}}],"collection":[{"href":"https:\/\/komfortkonyvklub.hu\/index.php?rest_route=\/wp\/v2\/pages"}],"about":[{"href":"https:\/\/komfortkonyvklub.hu\/index.php?rest_route=\/wp\/v2\/types\/page"}],"author":[{"embeddable":true,"href":"https:\/\/komfortkonyvklub.hu\/index.php?rest_route=\/wp\/v2\/users\/2"}],"replies":[{"embeddable":true,"href":"https:\/\/komfortkonyvklub.hu\/index.php?rest_route=%2Fwp%2Fv2%2Fcomments&post=1620"}],"version-history":[{"count":19,"href":"https:\/\/komfortkonyvklub.hu\/index.php?rest_route=\/wp\/v2\/pages\/1620\/revisions"}],"predecessor-version":[{"id":1709,"href":"https:\/\/komfortkonyvklub.hu\/index.php?rest_route=\/wp\/v2\/pages\/1620\/revisions\/1709"}],"wp:attachment":[{"href":"https:\/\/komfortkonyvklub.hu\/index.php?rest_route=%2Fwp%2Fv2%2Fmedia&parent=1620"}],"curies":[{"name":"wp","href":"https:\/\/api.w.org\/{rel}","templated":true}]}}